{"id":760,"date":"2022-05-10T13:25:43","date_gmt":"2022-05-10T11:25:43","guid":{"rendered":"http:\/\/islamic-art-shop.com\/?page_id=760"},"modified":"2022-11-29T14:02:46","modified_gmt":"2022-11-29T13:02:46","slug":"judeo-art","status":"publish","type":"page","link":"https:\/\/islamic-art-shop.com\/de\/judeo-art\/","title":{"rendered":"J\u00fcdisch-islamische Kunst"},"content":{"rendered":"\n<div class=\"banner_wrap animatedParent animateOnce\" id=\"website-banner-block_ee0039b21087e9b2637f65d0c4bd836e\">\n    <img fetchpriority=\"high\" decoding=\"async\" width=\"1209\" height=\"780\" src=\"https:\/\/islamic-art-shop.com\/wp-content\/uploads\/2022\/07\/adobestock_132065053-scaled.jpeg\" class=\"attachment-1900x780 size-1900x780\" alt=\"\" loading=\"false\" srcset=\"https:\/\/islamic-art-shop.com\/wp-content\/uploads\/2022\/07\/adobestock_132065053-scaled.jpeg 2560w, https:\/\/islamic-art-shop.com\/wp-content\/uploads\/2022\/07\/adobestock_132065053-600x387.jpeg 600w, https:\/\/islamic-art-shop.com\/wp-content\/uploads\/2022\/07\/adobestock_132065053-1024x660.jpeg 1024w, https:\/\/islamic-art-shop.com\/wp-content\/uploads\/2022\/07\/adobestock_132065053-768x495.jpeg 768w, https:\/\/islamic-art-shop.com\/wp-content\/uploads\/2022\/07\/adobestock_132065053-1536x990.jpeg 1536w, https:\/\/islamic-art-shop.com\/wp-content\/uploads\/2022\/07\/adobestock_132065053-2048x1321.jpeg 2048w\" sizes=\"(max-width: 1209px) 100vw, 1209px\" \/>    <div class=\"banner_content animated fadeInUpShort\">\n        <h1>J\u00fcdisch-islamische Kunst<\/h1>\n    <\/div>\n<\/div>\n\n\n\n<div class=\"products_preview_wrap animatedParent animateOnce bg-white\" id=\"website-products-preview-block_67c82fcb26f05463be11b19fcdae2f37\">\n    \n    <div class=\"inner_content\">\n                    <div class=\"intro_text\">\n                                <p class=\"p1 uppercase\" style=\"text-align: center;\"><span class=\"s1\" style=\"color: #b4aa93;\">J\u00fcdisch-islamische Kunst<\/span><\/p>\n<h3 class=\"p1 title_underlined\" style=\"text-align: center;\"><span class=\"s1\">Unsere j\u00fcdisch-islamische Kunstobjekte<br \/>\n<\/span><\/h3>\n<p class=\"p1\" style=\"text-align: center;\">Zu unterscheiden im Sinne einer kunstgeschichtlichen Definition kann die j\u00fcdisch-islamische Kunst nicht mit religi\u00f6sen Begriffen beschrieben werden, da auch Juden und Christen unter islamischer Herrschaft gelebt und eine \u201ej\u00fcdisch-islamische\u201c oder \u201echristlich-islamische\u201c Kunst geschaffen haben.<\/p>\n<p class=\"p1\" style=\"text-align: center;\">Materialien wie Keramik, Metall, Glas und Gold wurden verwendet; ebenso das Teppichkunsthandwerk hat au\u00dfergew\u00f6hnliche St\u00fccke geschaffen.<\/p>\n            <\/div>\n                            <div class=\"products_cat_preview animated fadeInUpShort\">\n                                    <div class=\"single_product_prev\">\n                        <div class=\"product_imagesection\">\n                            <a href=\"https:\/\/islamic-art-shop.com\/de\/shop\/antiker-kerzenstaender-kadscharen-qadscharen-zeit-persien-1800-1850-jahrhundert\/\">\n                            <\/a>\n                                                            <img loading=\"lazy\" decoding=\"async\" width=\"400\" height=\"600\" src=\"https:\/\/islamic-art-shop.com\/wp-content\/uploads\/2023\/06\/img_1470-400x600.jpg\" class=\"attachment-medium size-medium wp-post-image\" alt=\"Persischer Goldst\u00e4nder\" srcset=\"https:\/\/islamic-art-shop.com\/wp-content\/uploads\/2023\/06\/img_1470-400x600.jpg 400w, https:\/\/islamic-art-shop.com\/wp-content\/uploads\/2023\/06\/img_1470-683x1024.jpg 683w, https:\/\/islamic-art-shop.com\/wp-content\/uploads\/2023\/06\/img_1470-768x1152.jpg 768w, https:\/\/islamic-art-shop.com\/wp-content\/uploads\/2023\/06\/img_1470-1024x1536.jpg 1024w, https:\/\/islamic-art-shop.com\/wp-content\/uploads\/2023\/06\/img_1470-1365x2048.jpg 1365w, https:\/\/islamic-art-shop.com\/wp-content\/uploads\/2023\/06\/img_1470-600x900.jpg 600w, https:\/\/islamic-art-shop.com\/wp-content\/uploads\/2023\/06\/img_1470-scaled.jpg 1707w\" sizes=\"auto, (max-width: 400px) 100vw, 400px\" \/>                                                    <\/div>\n                        <div class=\"product_info_cta\">\n                            <h6>Antiker Kerzenst\u00e4nder Kadscharen Qadscharen Zeit Persien 1800 &#8211; 1850 Jahrhundert<\/h6>\n                            <p class=\"product_price\"><span class=\"woocommerce-Price-amount amount\"><bdi><span class=\"woocommerce-Price-currencySymbol\">&#36;<\/span>450,00<\/bdi><\/span><\/p>\n                            <div class=\"product_excerpt\">\n                                <p>Antiker Messing Kerzenst\u00e4nder Persien 1800-1850 Jahrhundert<\/p>\n                            <\/div>\n\n                            <div class=\"add-to-cart \"><a href=\"\/de\/wp-json\/wp\/v2\/pages\/760?add-to-cart=841\" data-quantity=\"1\" class=\"button product_type_simple add_to_cart_button ajax_add_to_cart btn btn_white\" data-product_id=\"841\" data-product_sku=\"\" aria-label=\"In den Warenkorb legen: \u201eAntiker Kerzenst\u00e4nder Kadscharen Qadscharen Zeit Persien 1800 - 1850 Jahrhundert\u201c\" rel=\"nofollow\">In den Warenkorb<\/a>                            <\/div>\n                        <\/div>\n                    <\/div>\n                                    <div class=\"single_product_prev\">\n                        <div class=\"product_imagesection\">\n                            <a href=\"https:\/\/islamic-art-shop.com\/de\/shop\/a-small-pot-of-cairoware-silver-and-copper-inlaid-egypt-or-syria-20th-century\/\">\n                            <\/a>\n                                                            <img loading=\"lazy\" decoding=\"async\" width=\"600\" height=\"400\" src=\"https:\/\/islamic-art-shop.com\/wp-content\/uploads\/2023\/02\/img_1435-600x400.jpg\" class=\"attachment-medium size-medium wp-post-image\" alt=\"\" srcset=\"https:\/\/islamic-art-shop.com\/wp-content\/uploads\/2023\/02\/img_1435-600x400.jpg 600w, https:\/\/islamic-art-shop.com\/wp-content\/uploads\/2023\/02\/img_1435-1024x683.jpg 1024w, https:\/\/islamic-art-shop.com\/wp-content\/uploads\/2023\/02\/img_1435-768x512.jpg 768w, https:\/\/islamic-art-shop.com\/wp-content\/uploads\/2023\/02\/img_1435-1536x1024.jpg 1536w, https:\/\/islamic-art-shop.com\/wp-content\/uploads\/2023\/02\/img_1435-2048x1365.jpg 2048w\" sizes=\"auto, (max-width: 600px) 100vw, 600px\" \/>                                                    <\/div>\n                        <div class=\"product_info_cta\">\n                            <h6>A small pot of Cairoware silver and copper-inlaid, Egypt or Syria, 20th century<\/h6>\n                            <p class=\"product_price\"><span class=\"woocommerce-Price-amount amount\"><bdi><span class=\"woocommerce-Price-currencySymbol\">&#36;<\/span>480,00<\/bdi><\/span><\/p>\n                            <div class=\"product_excerpt\">\n                                <p>typische Form, eingelegt mit Silber und Kupfer mit Blumenmuster, oben und unten kalligrafische B\u00e4nder\/Schriftz\u00fcge 8cm. H\u00f6he; 8cm. max. Durchm. oben 10cm. max. Durchm. unter. Gewicht 254 Gramm<\/p>\n                            <\/div>\n\n                            <div class=\"add-to-cart \"><a href=\"\/de\/wp-json\/wp\/v2\/pages\/760?add-to-cart=815\" data-quantity=\"1\" class=\"button product_type_simple add_to_cart_button ajax_add_to_cart btn btn_white\" data-product_id=\"815\" data-product_sku=\"\" aria-label=\"In den Warenkorb legen: \u201eA small pot of Cairoware silver and copper-inlaid, Egypt or Syria, 20th century\u201c\" rel=\"nofollow\">In den Warenkorb<\/a>                            <\/div>\n                        <\/div>\n                    <\/div>\n                                    <div class=\"single_product_prev\">\n                        <div class=\"product_imagesection\">\n                            <a href=\"https:\/\/islamic-art-shop.com\/de\/shop\/persien-antike-bettelschale-kashkul-genannt-aus-kupfer\/\">\n                            <\/a>\n                                                            <img loading=\"lazy\" decoding=\"async\" width=\"600\" height=\"400\" src=\"https:\/\/islamic-art-shop.com\/wp-content\/uploads\/2023\/06\/img_1561_ergebnis-600x400.jpg\" class=\"attachment-medium size-medium wp-post-image\" alt=\"\" srcset=\"https:\/\/islamic-art-shop.com\/wp-content\/uploads\/2023\/06\/img_1561_ergebnis-600x400.jpg 600w, https:\/\/islamic-art-shop.com\/wp-content\/uploads\/2023\/06\/img_1561_ergebnis-768x512.jpg 768w, https:\/\/islamic-art-shop.com\/wp-content\/uploads\/2023\/06\/img_1561_ergebnis.jpg 800w\" sizes=\"auto, (max-width: 600px) 100vw, 600px\" \/>                                                    <\/div>\n                        <div class=\"product_info_cta\">\n                            <h6>Persien: Antike Bettelschale &#8211; &#8222;Kashkul&#8220; genannt, aus Kupfer<\/h6>\n                            <p class=\"product_price\"><span class=\"woocommerce-Price-amount amount\"><bdi><span class=\"woocommerce-Price-currencySymbol\">&#36;<\/span>250,00<\/bdi><\/span><\/p>\n                            <div class=\"product_excerpt\">\n                                <p>Antike Bettelschale &#8211; &#8222;Kashkul&#8220; genannt, Material Kupfer,\u00a0 Persien um 1920 Jahrhundert 23 cm lang, ca. 8,5 cm hoch mit figuralen Szenen Die Wanderm\u00f6nche und -prediger persischer Derwisch- und Sufi-Orden ben\u00fctzten solche Gef\u00e4\u00dfe, um ihnen gespendete Speisen oder Wasser mit sich zu tragen. Die Form des \u2018Kashkul\u2019 stammt von auseinander geschnittenen (halben) Seychellen-N\u00fcssen, die ebenfalls gerne [&hellip;]<\/p>\n                            <\/div>\n\n                            <div class=\"add-to-cart \"><a href=\"\/de\/wp-json\/wp\/v2\/pages\/760?add-to-cart=894\" data-quantity=\"1\" class=\"button product_type_simple add_to_cart_button ajax_add_to_cart btn btn_white\" data-product_id=\"894\" data-product_sku=\"\" aria-label=\"In den Warenkorb legen: \u201ePersien: Antike Bettelschale - &quot;Kashkul&quot; genannt, aus Kupfer\u201c\" rel=\"nofollow\">In den Warenkorb<\/a>                            <\/div>\n                        <\/div>\n                    <\/div>\n                                    <div class=\"single_product_prev\">\n                        <div class=\"product_imagesection\">\n                            <a href=\"https:\/\/islamic-art-shop.com\/de\/shop\/antike-dallah-kaffeekanne-aus-syrien\/\">\n                            <\/a>\n                                                            <img loading=\"lazy\" decoding=\"async\" width=\"400\" height=\"600\" src=\"https:\/\/islamic-art-shop.com\/wp-content\/uploads\/2023\/06\/img_1459_ergebnis.jpg\" class=\"attachment-medium size-medium wp-post-image\" alt=\"\" \/>                                                    <\/div>\n                        <div class=\"product_info_cta\">\n                            <h6>Antike Dallah Kaffeekanne aus Syrien<\/h6>\n                            <p class=\"product_price\"><span class=\"woocommerce-Price-amount amount\"><bdi><span class=\"woocommerce-Price-currencySymbol\">&#36;<\/span>350,00<\/bdi><\/span><\/p>\n                            <div class=\"product_excerpt\">\n                                <p>Antike Dallah Kaffeekanne aus Syrien 23 cm hoch mit floralen Mustern<\/p>\n                            <\/div>\n\n                            <div class=\"add-to-cart \"><a href=\"\/de\/wp-json\/wp\/v2\/pages\/760?add-to-cart=847\" data-quantity=\"1\" class=\"button product_type_simple add_to_cart_button ajax_add_to_cart btn btn_white\" data-product_id=\"847\" data-product_sku=\"\" aria-label=\"In den Warenkorb legen: \u201eAntike Dallah Kaffeekanne aus Syrien\u201c\" rel=\"nofollow\">In den Warenkorb<\/a>                            <\/div>\n                        <\/div>\n                    <\/div>\n                                    <div class=\"single_product_prev\">\n                        <div class=\"product_imagesection\">\n                            <a href=\"https:\/\/islamic-art-shop.com\/de\/shop\/antike-kupferschale-kadscharen-qadscharen-persien-verziert-1850-1890-jahrhundert\/\">\n                            <\/a>\n                                                            <img loading=\"lazy\" decoding=\"async\" width=\"600\" height=\"400\" src=\"https:\/\/islamic-art-shop.com\/wp-content\/uploads\/2023\/06\/img_1449_ergebnis-600x400.jpg\" class=\"attachment-medium size-medium wp-post-image\" alt=\"\" srcset=\"https:\/\/islamic-art-shop.com\/wp-content\/uploads\/2023\/06\/img_1449_ergebnis-600x400.jpg 600w, https:\/\/islamic-art-shop.com\/wp-content\/uploads\/2023\/06\/img_1449_ergebnis-768x512.jpg 768w, https:\/\/islamic-art-shop.com\/wp-content\/uploads\/2023\/06\/img_1449_ergebnis.jpg 800w\" sizes=\"auto, (max-width: 600px) 100vw, 600px\" \/>                                                    <\/div>\n                        <div class=\"product_info_cta\">\n                            <h6>Antike Kupferschale Kadscharen Qadscharen Persien verziert 1850 &#8211; 1890 Jahrhundert<\/h6>\n                            <p class=\"product_price\"><span class=\"woocommerce-Price-amount amount\"><bdi><span class=\"woocommerce-Price-currencySymbol\">&#36;<\/span>400,00<\/bdi><\/span><\/p>\n                            <div class=\"product_excerpt\">\n                                <p>Antike Kupferschale Kadscharen Qadscharen Persien verziert 1850 &#8211; 1890 Jahrhundert Durchmesser 18 cm, feine florale Verzierungen innen und aussen<\/p>\n                            <\/div>\n\n                            <div class=\"add-to-cart \"><a href=\"\/de\/wp-json\/wp\/v2\/pages\/760?add-to-cart=881\" data-quantity=\"1\" class=\"button product_type_simple add_to_cart_button ajax_add_to_cart btn btn_white\" data-product_id=\"881\" data-product_sku=\"\" aria-label=\"In den Warenkorb legen: \u201eAntike Kupferschale Kadscharen Qadscharen Persien verziert 1850 - 1890 Jahrhundert\u201c\" rel=\"nofollow\">In den Warenkorb<\/a>                            <\/div>\n                        <\/div>\n                    <\/div>\n                                    <div class=\"single_product_prev\">\n                        <div class=\"product_imagesection\">\n                            <a href=\"https:\/\/islamic-art-shop.com\/de\/shop\/antike-schoepfkelle-kadscharen-qadscharen-zeit-persien-um-1850\/\">\n                            <\/a>\n                                                            <img loading=\"lazy\" decoding=\"async\" width=\"400\" height=\"600\" src=\"https:\/\/islamic-art-shop.com\/wp-content\/uploads\/2023\/06\/img_1532-400x600.jpg\" class=\"attachment-medium size-medium wp-post-image\" alt=\"\" srcset=\"https:\/\/islamic-art-shop.com\/wp-content\/uploads\/2023\/06\/img_1532-400x600.jpg 400w, https:\/\/islamic-art-shop.com\/wp-content\/uploads\/2023\/06\/img_1532-683x1024.jpg 683w, https:\/\/islamic-art-shop.com\/wp-content\/uploads\/2023\/06\/img_1532-768x1152.jpg 768w, https:\/\/islamic-art-shop.com\/wp-content\/uploads\/2023\/06\/img_1532-1024x1536.jpg 1024w, https:\/\/islamic-art-shop.com\/wp-content\/uploads\/2023\/06\/img_1532-1365x2048.jpg 1365w, https:\/\/islamic-art-shop.com\/wp-content\/uploads\/2023\/06\/img_1532-600x900.jpg 600w, https:\/\/islamic-art-shop.com\/wp-content\/uploads\/2023\/06\/img_1532-scaled.jpg 1707w\" sizes=\"auto, (max-width: 400px) 100vw, 400px\" \/>                                                    <\/div>\n                        <div class=\"product_info_cta\">\n                            <h6>Antike Sch\u00f6pfkelle Kadscharen Qadscharen Zeit Persien um 1850<\/h6>\n                            <p class=\"product_price\"><span class=\"woocommerce-Price-amount amount\"><bdi><span class=\"woocommerce-Price-currencySymbol\">&#36;<\/span>300,00<\/bdi><\/span><\/p>\n                            <div class=\"product_excerpt\">\n                                <p>Antike Sch\u00f6pfkelle aus Messing Metall mit geometrischen Mustern, klappbar, Ma\u00dfe ca. 33 cm lang, Sch\u00f6pfteller Durchmesser 13 cm<\/p>\n                            <\/div>\n\n                            <div class=\"add-to-cart \"><a href=\"\/de\/wp-json\/wp\/v2\/pages\/760?add-to-cart=838\" data-quantity=\"1\" class=\"button product_type_simple add_to_cart_button ajax_add_to_cart btn btn_white\" data-product_id=\"838\" data-product_sku=\"\" aria-label=\"In den Warenkorb legen: \u201eAntike Sch\u00f6pfkelle Kadscharen Qadscharen Zeit Persien um 1850\u201c\" rel=\"nofollow\">In den Warenkorb<\/a>                            <\/div>\n                        <\/div>\n                    <\/div>\n                \n            <\/div>\n                        <\/div>\n<\/div>","protected":false},"excerpt":{"rendered":"","protected":false},"author":6,"featured_media":0,"parent":0,"menu_order":0,"comment_status":"closed","ping_status":"closed","template":"","meta":{"_acf_changed":false,"footnotes":""},"class_list":["post-760","page","type-page","status-publish","hentry"],"acf":[],"yoast_head":"<title>J\u00fcdisch-islamische Kunst - Islamische Kunst<\/title>\n<meta name=\"robots\" content=\"noindex, follow, max-snippet:-1, max-image-preview:large, max-video-preview:-1\" \/>\n<meta property=\"og:locale\" content=\"de_DE\" \/>\n<meta property=\"og:type\" content=\"article\" \/>\n<meta property=\"og:title\" content=\"J\u00fcdisch-islamische Kunst - Islamische Kunst\" \/>\n<meta property=\"og:url\" content=\"https:\/\/islamic-art-shop.com\/de\/judeo-art\/\" \/>\n<meta property=\"og:site_name\" content=\"Islamische Kunst\" \/>\n<meta property=\"article:modified_time\" content=\"2022-11-29T13:02:46+00:00\" \/>\n<meta name=\"twitter:card\" content=\"summary_large_image\" \/>\n<script type=\"application\/ld+json\" class=\"yoast-schema-graph\">{\"@context\":\"https:\/\/schema.org\",\"@graph\":[{\"@type\":\"WebPage\",\"@id\":\"https:\/\/islamic-art-shop.com\/de\/judeo-art\/\",\"url\":\"https:\/\/islamic-art-shop.com\/de\/judeo-art\/\",\"name\":\"J\u00fcdisch-islamische Kunst - Islamische Kunst\",\"isPartOf\":{\"@id\":\"https:\/\/islamic-art-shop.com\/de\/#website\"},\"datePublished\":\"2022-05-10T11:25:43+00:00\",\"dateModified\":\"2022-11-29T13:02:46+00:00\",\"breadcrumb\":{\"@id\":\"https:\/\/islamic-art-shop.com\/de\/judeo-art\/#breadcrumb\"},\"inLanguage\":\"de\",\"potentialAction\":[{\"@type\":\"ReadAction\",\"target\":[\"https:\/\/islamic-art-shop.com\/de\/judeo-art\/\"]}]},{\"@type\":\"BreadcrumbList\",\"@id\":\"https:\/\/islamic-art-shop.com\/de\/judeo-art\/#breadcrumb\",\"itemListElement\":[{\"@type\":\"ListItem\",\"position\":1,\"name\":\"Startseite\",\"item\":\"https:\/\/islamic-art-shop.com\/de\/\"},{\"@type\":\"ListItem\",\"position\":2,\"name\":\"J\u00fcdisch-islamische Kunst\"}]},{\"@type\":\"WebSite\",\"@id\":\"https:\/\/islamic-art-shop.com\/de\/#website\",\"url\":\"https:\/\/islamic-art-shop.com\/de\/\",\"name\":\"Islamische Kunst\",\"description\":\"Herr Philipp Jebsen\",\"potentialAction\":[{\"@type\":\"SearchAction\",\"target\":{\"@type\":\"EntryPoint\",\"urlTemplate\":\"https:\/\/islamic-art-shop.com\/de\/?s={search_term_string}\"},\"query-input\":{\"@type\":\"PropertyValueSpecification\",\"valueRequired\":true,\"valueName\":\"search_term_string\"}}],\"inLanguage\":\"de\"}]}<\/script>","yoast_head_json":{"title":"J\u00fcdisch-islamische Kunst - Islamische Kunst","robots":{"index":"noindex","follow":"follow","max-snippet":"max-snippet:-1","max-image-preview":"max-image-preview:large","max-video-preview":"max-video-preview:-1"},"og_locale":"de_DE","og_type":"article","og_title":"J\u00fcdisch-islamische Kunst - Islamische Kunst","og_url":"https:\/\/islamic-art-shop.com\/de\/judeo-art\/","og_site_name":"Islamische Kunst","article_modified_time":"2022-11-29T13:02:46+00:00","twitter_card":"summary_large_image","schema":{"@context":"https:\/\/schema.org","@graph":[{"@type":"WebPage","@id":"https:\/\/islamic-art-shop.com\/de\/judeo-art\/","url":"https:\/\/islamic-art-shop.com\/de\/judeo-art\/","name":"J\u00fcdisch-islamische Kunst - Islamische Kunst","isPartOf":{"@id":"https:\/\/islamic-art-shop.com\/de\/#website"},"datePublished":"2022-05-10T11:25:43+00:00","dateModified":"2022-11-29T13:02:46+00:00","breadcrumb":{"@id":"https:\/\/islamic-art-shop.com\/de\/judeo-art\/#breadcrumb"},"inLanguage":"de","potentialAction":[{"@type":"ReadAction","target":["https:\/\/islamic-art-shop.com\/de\/judeo-art\/"]}]},{"@type":"BreadcrumbList","@id":"https:\/\/islamic-art-shop.com\/de\/judeo-art\/#breadcrumb","itemListElement":[{"@type":"ListItem","position":1,"name":"Startseite","item":"https:\/\/islamic-art-shop.com\/de\/"},{"@type":"ListItem","position":2,"name":"J\u00fcdisch-islamische Kunst"}]},{"@type":"WebSite","@id":"https:\/\/islamic-art-shop.com\/de\/#website","url":"https:\/\/islamic-art-shop.com\/de\/","name":"Islamische Kunst","description":"Herr Philipp Jebsen","potentialAction":[{"@type":"SearchAction","target":{"@type":"EntryPoint","urlTemplate":"https:\/\/islamic-art-shop.com\/de\/?s={search_term_string}"},"query-input":{"@type":"PropertyValueSpecification","valueRequired":true,"valueName":"search_term_string"}}],"inLanguage":"de"}]}},"_links":{"self":[{"href":"https:\/\/islamic-art-shop.com\/de\/wp-json\/wp\/v2\/pages\/760","targetHints":{"allow":["GET"]}}],"collection":[{"href":"https:\/\/islamic-art-shop.com\/de\/wp-json\/wp\/v2\/pages"}],"about":[{"href":"https:\/\/islamic-art-shop.com\/de\/wp-json\/wp\/v2\/types\/page"}],"author":[{"embeddable":true,"href":"https:\/\/islamic-art-shop.com\/de\/wp-json\/wp\/v2\/users\/6"}],"replies":[{"embeddable":true,"href":"https:\/\/islamic-art-shop.com\/de\/wp-json\/wp\/v2\/comments?post=760"}],"version-history":[{"count":1,"href":"https:\/\/islamic-art-shop.com\/de\/wp-json\/wp\/v2\/pages\/760\/revisions"}],"predecessor-version":[{"id":781,"href":"https:\/\/islamic-art-shop.com\/de\/wp-json\/wp\/v2\/pages\/760\/revisions\/781"}],"wp:attachment":[{"href":"https:\/\/islamic-art-shop.com\/de\/wp-json\/wp\/v2\/media?parent=760"}],"curies":[{"name":"wp","href":"https:\/\/api.w.org\/{rel}","templated":true}]}}