{"id":894,"date":"2023-07-05T16:14:55","date_gmt":"2023-07-05T14:14:55","guid":{"rendered":"http:\/\/islamic-art-shop.com\/?post_type=product&#038;p=894"},"modified":"2023-07-05T16:14:55","modified_gmt":"2023-07-05T14:14:55","slug":"persien-antike-bettelschale-kashkul-genannt-aus-kupfer","status":"publish","type":"product","link":"https:\/\/islamic-art-shop.com\/de\/shop\/persien-antike-bettelschale-kashkul-genannt-aus-kupfer\/","title":{"rendered":"Persien: Antike Bettelschale &#8211; &#8222;Kashkul&#8220; genannt, aus Kupfer"},"content":{"rendered":"<p>Antike Bettelschale &#8211; &#8222;Kashkul&#8220; genannt, Material Kupfer,\u00a0 Persien um 1920 Jahrhundert<\/p>\n<p>23 cm lang, ca. 8,5 cm hoch mit figuralen Szenen<\/p>\n<p>Die Wanderm\u00f6nche und -prediger persischer Derwisch- und Sufi-Orden ben\u00fctzten solche Gef\u00e4\u00dfe, um ihnen gespendete Speisen oder Wasser mit sich zu tragen. Die Form des \u2018Kashkul\u2019 stammt von auseinander geschnittenen (halben) Seychellen-N\u00fcssen, die ebenfalls gerne als \u2018Kashkul\u2019 verwendet wurden. Vorliegendes, komplettes und altes \u2018Kashkul\u2019 ist aus Kupfer oben eine ruhige, Verzierungen: \u2018paradiesische\u2019 Landschaft mit Menschen, Tieren und Pflanzen. Ein sch\u00f6nes Objekt, mit einem runden Ausguss (zum Trinken).<\/p>\n","protected":false},"excerpt":{"rendered":"<p>Antike Bettelschale &#8211; &#8222;Kashkul&#8220; genannt, Material Kupfer,\u00a0 Persien um 1920 Jahrhundert 23 cm lang, ca. 8,5 cm hoch mit figuralen Szenen Die Wanderm\u00f6nche und -prediger persischer Derwisch- und Sufi-Orden ben\u00fctzten solche Gef\u00e4\u00dfe, um ihnen gespendete Speisen oder Wasser mit sich zu tragen. Die Form des \u2018Kashkul\u2019 stammt von auseinander geschnittenen (halben) Seychellen-N\u00fcssen, die ebenfalls gerne [&hellip;]<\/p>\n","protected":false},"featured_media":902,"template":"","meta":{"_acf_changed":false},"product_brand":[],"product_cat":[67],"product_tag":[],"class_list":{"0":"post-894","1":"product","2":"type-product","3":"status-publish","4":"has-post-thumbnail","6":"product_cat-persische-kunst","8":"first","9":"instock","10":"taxable","11":"shipping-taxable","12":"purchasable","13":"product-type-simple"},"acf":[],"yoast_head":"<title>Persien: Antike Bettelschale - &quot;Kashkul&quot; genannt, aus Kupfer - Islamische Kunst<\/title>\n<meta name=\"robots\" content=\"noindex, follow, max-snippet:-1, max-image-preview:large, max-video-preview:-1\" \/>\n<meta property=\"og:locale\" content=\"de_DE\" \/>\n<meta property=\"og:type\" content=\"article\" \/>\n<meta property=\"og:title\" content=\"Persien: Antike Bettelschale - &quot;Kashkul&quot; genannt, aus Kupfer - Islamische Kunst\" \/>\n<meta property=\"og:description\" content=\"Antike Bettelschale &#8211; &#8222;Kashkul&#8220; genannt, Material Kupfer,\u00a0 Persien um 1920 Jahrhundert 23 cm lang, ca. 8,5 cm hoch mit figuralen Szenen Die Wanderm\u00f6nche und -prediger persischer Derwisch- und Sufi-Orden ben\u00fctzten solche Gef\u00e4\u00dfe, um ihnen gespendete Speisen oder Wasser mit sich zu tragen. Die Form des \u2018Kashkul\u2019 stammt von auseinander geschnittenen (halben) Seychellen-N\u00fcssen, die ebenfalls gerne [&hellip;]\" \/>\n<meta property=\"og:url\" content=\"https:\/\/islamic-art-shop.com\/de\/shop\/persien-antike-bettelschale-kashkul-genannt-aus-kupfer\/\" \/>\n<meta property=\"og:site_name\" content=\"Islamische Kunst\" \/>\n<meta property=\"og:image\" content=\"https:\/\/islamic-art-shop.com\/wp-content\/uploads\/2023\/06\/img_1561_ergebnis.jpg\" \/>\n\t<meta property=\"og:image:width\" content=\"800\" \/>\n\t<meta property=\"og:image:height\" content=\"533\" \/>\n\t<meta property=\"og:image:type\" content=\"image\/jpeg\" \/>\n<meta name=\"twitter:card\" content=\"summary_large_image\" \/>\n<meta name=\"twitter:label1\" content=\"Gesch\u00e4tzte Lesezeit\" \/>\n\t<meta name=\"twitter:data1\" content=\"1\u00a0Minute\" \/>\n<script type=\"application\/ld+json\" class=\"yoast-schema-graph\">{\"@context\":\"https:\/\/schema.org\",\"@graph\":[{\"@type\":\"WebPage\",\"@id\":\"https:\/\/islamic-art-shop.com\/de\/shop\/persien-antike-bettelschale-kashkul-genannt-aus-kupfer\/\",\"url\":\"https:\/\/islamic-art-shop.com\/de\/shop\/persien-antike-bettelschale-kashkul-genannt-aus-kupfer\/\",\"name\":\"Persien: Antike Bettelschale - \\\"Kashkul\\\" genannt, aus Kupfer - Islamische Kunst\",\"isPartOf\":{\"@id\":\"https:\/\/islamic-art-shop.com\/de\/#website\"},\"primaryImageOfPage\":{\"@id\":\"https:\/\/islamic-art-shop.com\/de\/shop\/persien-antike-bettelschale-kashkul-genannt-aus-kupfer\/#primaryimage\"},\"image\":{\"@id\":\"https:\/\/islamic-art-shop.com\/de\/shop\/persien-antike-bettelschale-kashkul-genannt-aus-kupfer\/#primaryimage\"},\"thumbnailUrl\":\"https:\/\/islamic-art-shop.com\/wp-content\/uploads\/2023\/06\/img_1561_ergebnis.jpg\",\"datePublished\":\"2023-07-05T14:14:55+00:00\",\"breadcrumb\":{\"@id\":\"https:\/\/islamic-art-shop.com\/de\/shop\/persien-antike-bettelschale-kashkul-genannt-aus-kupfer\/#breadcrumb\"},\"inLanguage\":\"de\",\"potentialAction\":[{\"@type\":\"ReadAction\",\"target\":[\"https:\/\/islamic-art-shop.com\/de\/shop\/persien-antike-bettelschale-kashkul-genannt-aus-kupfer\/\"]}]},{\"@type\":\"ImageObject\",\"inLanguage\":\"de\",\"@id\":\"https:\/\/islamic-art-shop.com\/de\/shop\/persien-antike-bettelschale-kashkul-genannt-aus-kupfer\/#primaryimage\",\"url\":\"https:\/\/islamic-art-shop.com\/wp-content\/uploads\/2023\/06\/img_1561_ergebnis.jpg\",\"contentUrl\":\"https:\/\/islamic-art-shop.com\/wp-content\/uploads\/2023\/06\/img_1561_ergebnis.jpg\",\"width\":800,\"height\":533},{\"@type\":\"BreadcrumbList\",\"@id\":\"https:\/\/islamic-art-shop.com\/de\/shop\/persien-antike-bettelschale-kashkul-genannt-aus-kupfer\/#breadcrumb\",\"itemListElement\":[{\"@type\":\"ListItem\",\"position\":1,\"name\":\"Startseite\",\"item\":\"https:\/\/islamic-art-shop.com\/de\/\"},{\"@type\":\"ListItem\",\"position\":2,\"name\":\"Shop\",\"item\":\"https:\/\/islamic-art-shop.com\/shop\/\"},{\"@type\":\"ListItem\",\"position\":3,\"name\":\"Persien: Antike Bettelschale &#8211; &#8222;Kashkul&#8220; genannt, aus Kupfer\"}]},{\"@type\":\"WebSite\",\"@id\":\"https:\/\/islamic-art-shop.com\/de\/#website\",\"url\":\"https:\/\/islamic-art-shop.com\/de\/\",\"name\":\"Islamische Kunst\",\"description\":\"Herr Philipp Jebsen\",\"potentialAction\":[{\"@type\":\"SearchAction\",\"target\":{\"@type\":\"EntryPoint\",\"urlTemplate\":\"https:\/\/islamic-art-shop.com\/de\/?s={search_term_string}\"},\"query-input\":{\"@type\":\"PropertyValueSpecification\",\"valueRequired\":true,\"valueName\":\"search_term_string\"}}],\"inLanguage\":\"de\"}]}<\/script>","yoast_head_json":{"title":"Persien: Antike Bettelschale - \"Kashkul\" genannt, aus Kupfer - Islamische Kunst","robots":{"index":"noindex","follow":"follow","max-snippet":"max-snippet:-1","max-image-preview":"max-image-preview:large","max-video-preview":"max-video-preview:-1"},"og_locale":"de_DE","og_type":"article","og_title":"Persien: Antike Bettelschale - \"Kashkul\" genannt, aus Kupfer - Islamische Kunst","og_description":"Antike Bettelschale &#8211; &#8222;Kashkul&#8220; genannt, Material Kupfer,\u00a0 Persien um 1920 Jahrhundert 23 cm lang, ca. 8,5 cm hoch mit figuralen Szenen Die Wanderm\u00f6nche und -prediger persischer Derwisch- und Sufi-Orden ben\u00fctzten solche Gef\u00e4\u00dfe, um ihnen gespendete Speisen oder Wasser mit sich zu tragen. Die Form des \u2018Kashkul\u2019 stammt von auseinander geschnittenen (halben) Seychellen-N\u00fcssen, die ebenfalls gerne [&hellip;]","og_url":"https:\/\/islamic-art-shop.com\/de\/shop\/persien-antike-bettelschale-kashkul-genannt-aus-kupfer\/","og_site_name":"Islamische Kunst","og_image":[{"width":800,"height":533,"url":"https:\/\/islamic-art-shop.com\/wp-content\/uploads\/2023\/06\/img_1561_ergebnis.jpg","type":"image\/jpeg"}],"twitter_card":"summary_large_image","twitter_misc":{"Gesch\u00e4tzte Lesezeit":"1\u00a0Minute"},"schema":{"@context":"https:\/\/schema.org","@graph":[{"@type":"WebPage","@id":"https:\/\/islamic-art-shop.com\/de\/shop\/persien-antike-bettelschale-kashkul-genannt-aus-kupfer\/","url":"https:\/\/islamic-art-shop.com\/de\/shop\/persien-antike-bettelschale-kashkul-genannt-aus-kupfer\/","name":"Persien: Antike Bettelschale - \"Kashkul\" genannt, aus Kupfer - Islamische Kunst","isPartOf":{"@id":"https:\/\/islamic-art-shop.com\/de\/#website"},"primaryImageOfPage":{"@id":"https:\/\/islamic-art-shop.com\/de\/shop\/persien-antike-bettelschale-kashkul-genannt-aus-kupfer\/#primaryimage"},"image":{"@id":"https:\/\/islamic-art-shop.com\/de\/shop\/persien-antike-bettelschale-kashkul-genannt-aus-kupfer\/#primaryimage"},"thumbnailUrl":"https:\/\/islamic-art-shop.com\/wp-content\/uploads\/2023\/06\/img_1561_ergebnis.jpg","datePublished":"2023-07-05T14:14:55+00:00","breadcrumb":{"@id":"https:\/\/islamic-art-shop.com\/de\/shop\/persien-antike-bettelschale-kashkul-genannt-aus-kupfer\/#breadcrumb"},"inLanguage":"de","potentialAction":[{"@type":"ReadAction","target":["https:\/\/islamic-art-shop.com\/de\/shop\/persien-antike-bettelschale-kashkul-genannt-aus-kupfer\/"]}]},{"@type":"ImageObject","inLanguage":"de","@id":"https:\/\/islamic-art-shop.com\/de\/shop\/persien-antike-bettelschale-kashkul-genannt-aus-kupfer\/#primaryimage","url":"https:\/\/islamic-art-shop.com\/wp-content\/uploads\/2023\/06\/img_1561_ergebnis.jpg","contentUrl":"https:\/\/islamic-art-shop.com\/wp-content\/uploads\/2023\/06\/img_1561_ergebnis.jpg","width":800,"height":533},{"@type":"BreadcrumbList","@id":"https:\/\/islamic-art-shop.com\/de\/shop\/persien-antike-bettelschale-kashkul-genannt-aus-kupfer\/#breadcrumb","itemListElement":[{"@type":"ListItem","position":1,"name":"Startseite","item":"https:\/\/islamic-art-shop.com\/de\/"},{"@type":"ListItem","position":2,"name":"Shop","item":"https:\/\/islamic-art-shop.com\/shop\/"},{"@type":"ListItem","position":3,"name":"Persien: Antike Bettelschale &#8211; &#8222;Kashkul&#8220; genannt, aus Kupfer"}]},{"@type":"WebSite","@id":"https:\/\/islamic-art-shop.com\/de\/#website","url":"https:\/\/islamic-art-shop.com\/de\/","name":"Islamische Kunst","description":"Herr Philipp Jebsen","potentialAction":[{"@type":"SearchAction","target":{"@type":"EntryPoint","urlTemplate":"https:\/\/islamic-art-shop.com\/de\/?s={search_term_string}"},"query-input":{"@type":"PropertyValueSpecification","valueRequired":true,"valueName":"search_term_string"}}],"inLanguage":"de"}]}},"_links":{"self":[{"href":"https:\/\/islamic-art-shop.com\/de\/wp-json\/wp\/v2\/product\/894","targetHints":{"allow":["GET"]}}],"collection":[{"href":"https:\/\/islamic-art-shop.com\/de\/wp-json\/wp\/v2\/product"}],"about":[{"href":"https:\/\/islamic-art-shop.com\/de\/wp-json\/wp\/v2\/types\/product"}],"wp:featuredmedia":[{"embeddable":true,"href":"https:\/\/islamic-art-shop.com\/de\/wp-json\/wp\/v2\/media\/902"}],"wp:attachment":[{"href":"https:\/\/islamic-art-shop.com\/de\/wp-json\/wp\/v2\/media?parent=894"}],"wp:term":[{"taxonomy":"product_brand","embeddable":true,"href":"https:\/\/islamic-art-shop.com\/de\/wp-json\/wp\/v2\/product_brand?post=894"},{"taxonomy":"product_cat","embeddable":true,"href":"https:\/\/islamic-art-shop.com\/de\/wp-json\/wp\/v2\/product_cat?post=894"},{"taxonomy":"product_tag","embeddable":true,"href":"https:\/\/islamic-art-shop.com\/de\/wp-json\/wp\/v2\/product_tag?post=894"}],"curies":[{"name":"wp","href":"https:\/\/api.w.org\/{rel}","templated":true}]}}